{"id":218,"date":"2017-04-16T07:17:08","date_gmt":"2017-04-16T05:17:08","guid":{"rendered":"http:\/\/labaulewp.gwalarn.org\/?page_id=218"},"modified":"2017-07-15T08:07:01","modified_gmt":"2017-07-15T06:07:01","slug":"le-costume-fin-xix-siecle","status":"publish","type":"page","link":"https:\/\/cercleceltiquelabaule.bzh\/?page_id=218","title":{"rendered":"LE COSTUME FIN XIX SIECLE"},"content":{"rendered":"<h1><strong>Le costume a \u00e9t\u00e9 \u00e9tudi\u00e9 , \u00e0 partir des travaux d&rsquo;Hippolyte Lalaise (1850). C&rsquo;est le mus\u00e9e de Batz sur Mer qui a valid\u00e9 et supervis\u00e9 la conception du costume.<\/strong><\/h1>\n<div>&nbsp;<strong>Le pays \u00ab\u00a0m\u00e9tayer\u00a0\u00bb &nbsp;concerne la r\u00e9gion avoisinant Gu\u00e9rande \u00e0 partir du versant nord du coteau jusqu&rsquo;aux approches de Mesquer<\/strong><\/div>\n<div><strong>Cet habit escoublacais disparait vers les ann\u00e9es 1880 apr\u00e8s la construction de la ligne de chemin de fer St Nazaire &#8211; Le Croisic<\/strong><\/div>\n<div>&nbsp;<\/div>\n<p><img loading=\"lazy\" decoding=\"async\" class=\"alignleft wp-image-2621 size-full\" src=\"http:\/\/labaule.gwalarn.org\/wp-content\/uploads\/2017\/04\/costume_1850_montage.jpg\" alt=\"\" width=\"800\" height=\"480\" srcset=\"https:\/\/cercleceltiquelabaule.bzh\/wp-content\/uploads\/2017\/04\/costume_1850_montage.jpg 800w, https:\/\/cercleceltiquelabaule.bzh\/wp-content\/uploads\/2017\/04\/costume_1850_montage-300x180.jpg 300w, https:\/\/cercleceltiquelabaule.bzh\/wp-content\/uploads\/2017\/04\/costume_1850_montage-768x461.jpg 768w\" sizes=\"auto, (max-width: 800px) 100vw, 800px\" \/><\/p>\n<h2 style=\"text-align: center;\"><span style=\"color: #274e13;\"><strong><img loading=\"lazy\" decoding=\"async\" class=\"alignnone size-full wp-image-2967\" src=\"http:\/\/labaule.gwalarn.org\/wp-content\/uploads\/2017\/03\/Boutons-36.gif\" alt=\"\" width=\"80\" height=\"60\">Costume Femme :&nbsp;<\/strong><\/span><\/h2>\n<h5><span style=\"color: #274e13;\">&nbsp;&nbsp;<\/span>Les femmes portent une robe en drap de laine, mont\u00e9e par des plis dit \u00ab\u00a0tuyaux d&rsquo;orgue\u00a0\u00bb et deux plis religieux dans le bas de la robe. Le tablier est bleu uni avec un grand devantier, une bande pliss\u00e9e dans le bas et est nou\u00e9 devant. Un gilet de diff\u00e9rentes couleurs, mauve pour les femmes mari\u00e9es. Un mouchoir de cou dit de Cholet et des manches carr\u00e9es \u00e0 trois plis. Des bas en laine \u00e9crue et des ballerines noirs \u00e0 petits talons. La coiffe genre linon, pliss\u00e9e \u00e0 l&rsquo;ongle, garnie de fine dentelle dans le bas, faiblement amidonn\u00e9e. Elle est fix\u00e9e sur un bourrelet et le fond de la coiffe maintient les cheveux..<\/h5>\n<p><img loading=\"lazy\" decoding=\"async\" class=\"alignnone wp-image-2623 size-full\" src=\"http:\/\/labaule.gwalarn.org\/wp-content\/uploads\/2017\/04\/costume_femme_1850.jpg\" alt=\"\" width=\"600\" height=\"300\" srcset=\"https:\/\/cercleceltiquelabaule.bzh\/wp-content\/uploads\/2017\/04\/costume_femme_1850.jpg 600w, https:\/\/cercleceltiquelabaule.bzh\/wp-content\/uploads\/2017\/04\/costume_femme_1850-300x150.jpg 300w\" sizes=\"auto, (max-width: 600px) 100vw, 600px\" \/><\/p>\n<p>&nbsp; &nbsp; &nbsp; &nbsp; &nbsp; &nbsp; &nbsp; &nbsp; &nbsp; &nbsp; &nbsp; &nbsp; &nbsp; &nbsp; &nbsp; &nbsp; &nbsp; &nbsp; &nbsp; &nbsp; &nbsp; &nbsp; &nbsp; &nbsp; &nbsp; &nbsp; &nbsp; &nbsp;<\/p>\n<h2 style=\"text-align: center;\"><strong><img loading=\"lazy\" decoding=\"async\" class=\"alignnone size-full wp-image-2967\" src=\"http:\/\/labaule.gwalarn.org\/wp-content\/uploads\/2017\/03\/Boutons-36.gif\" alt=\"\" width=\"80\" height=\"60\">Costume Homme :&nbsp;<\/strong><\/h2>\n<ul>\n<li>\n<h5>Les hommes portent un bragou en droguet de laine marron, mont\u00e9 sur pli et lac\u00e9 en dessous des genoux. Une veste en drap de lainage noire \u00e0 godets sans col et sans bouton. Le mouchoir de cou dit de Cholet est nou\u00e9 sur le devant en passant sous le col de chemise. Le gilet crois\u00e9 est bleu identique au haut de la robe des femmes, d\u00e9passant de la veste en fonction de la richesse du m\u00e9tayer. En dessous, une chemise en lin, longue, col mode bourgeoise. Des gu\u00eatres en lainage marron boutonn\u00e9es recouvrent des chaussures noires. Enfin, les hommes ont un chapeau noir \u00e0 large bord, orn\u00e9 d&rsquo;une chapelouse multicolore<img loading=\"lazy\" decoding=\"async\" class=\"alignnone wp-image-2626 size-full\" src=\"http:\/\/labaule.gwalarn.org\/wp-content\/uploads\/2017\/04\/costume_homme_1850.jpg\" alt=\"\" width=\"600\" height=\"313\" srcset=\"https:\/\/cercleceltiquelabaule.bzh\/wp-content\/uploads\/2017\/04\/costume_homme_1850.jpg 600w, https:\/\/cercleceltiquelabaule.bzh\/wp-content\/uploads\/2017\/04\/costume_homme_1850-300x157.jpg 300w\" sizes=\"auto, (max-width: 600px) 100vw, 600px\" \/><\/h5>\n<\/li>\n<\/ul>\n","protected":false},"excerpt":{"rendered":"<p>Le costume a \u00e9t\u00e9 \u00e9tudi\u00e9 , \u00e0 partir des travaux d&rsquo;Hippolyte Lalaise (1850). C&rsquo;est le mus\u00e9e de Batz sur Mer qui a valid\u00e9 et supervis\u00e9 la conception du costume. &nbsp;Le pays \u00ab\u00a0m\u00e9tayer\u00a0\u00bb &nbsp;concerne la r\u00e9gion avoisinant Gu\u00e9rande \u00e0 partir du versant nord du coteau jusqu&rsquo;aux approches de Mesquer Cet habit escoublacais disparait vers les ann\u00e9es &hellip; <a href=\"https:\/\/cercleceltiquelabaule.bzh\/?page_id=218\" class=\"more-link\">Continuer la lecture de <span class=\"screen-reader-text\">LE COSTUME FIN XIX SIECLE<\/span>  <span class=\"meta-nav\">&rarr;<\/span><\/a><\/p>\n","protected":false},"author":1,"featured_media":0,"parent":132,"menu_order":2,"comment_status":"closed","ping_status":"closed","template":"","meta":{"ngg_post_thumbnail":0,"footnotes":""},"class_list":["post-218","page","type-page","status-publish","hentry"],"_links":{"self":[{"href":"https:\/\/cercleceltiquelabaule.bzh\/index.php?rest_route=\/wp\/v2\/pages\/218","targetHints":{"allow":["GET"]}}],"collection":[{"href":"https:\/\/cercleceltiquelabaule.bzh\/index.php?rest_route=\/wp\/v2\/pages"}],"about":[{"href":"https:\/\/cercleceltiquelabaule.bzh\/index.php?rest_route=\/wp\/v2\/types\/page"}],"author":[{"embeddable":true,"href":"https:\/\/cercleceltiquelabaule.bzh\/index.php?rest_route=\/wp\/v2\/users\/1"}],"replies":[{"embeddable":true,"href":"https:\/\/cercleceltiquelabaule.bzh\/index.php?rest_route=%2Fwp%2Fv2%2Fcomments&post=218"}],"version-history":[{"count":6,"href":"https:\/\/cercleceltiquelabaule.bzh\/index.php?rest_route=\/wp\/v2\/pages\/218\/revisions"}],"predecessor-version":[{"id":3087,"href":"https:\/\/cercleceltiquelabaule.bzh\/index.php?rest_route=\/wp\/v2\/pages\/218\/revisions\/3087"}],"up":[{"embeddable":true,"href":"https:\/\/cercleceltiquelabaule.bzh\/index.php?rest_route=\/wp\/v2\/pages\/132"}],"wp:attachment":[{"href":"https:\/\/cercleceltiquelabaule.bzh\/index.php?rest_route=%2Fwp%2Fv2%2Fmedia&parent=218"}],"curies":[{"name":"wp","href":"https:\/\/api.w.org\/{rel}","templated":true}]}}