{"id":325,"date":"2017-04-18T09:02:01","date_gmt":"2017-04-18T07:02:01","guid":{"rendered":"http:\/\/labaulewp.gwalarn.org\/?page_id=325"},"modified":"2017-07-15T08:11:46","modified_gmt":"2017-07-15T06:11:46","slug":"le-costume-debut-xix-siecle","status":"publish","type":"page","link":"https:\/\/cercleceltiquelabaule.bzh\/?page_id=325","title":{"rendered":"LE COSTUME DEBUT XIX SIECLE"},"content":{"rendered":"<h5><b><span style=\"color: #274e13;\">&nbsp;<\/span><\/b>Le costume a \u00e9t\u00e9 \u00e9tudi\u00e9 , \u00e0 partir d&rsquo;une&nbsp;peinture de Jean-Baptiste Peytavin de 1828 &nbsp;et des travaux de Fran\u00e7ois-Hippolyte Lalaisse. C&rsquo;est le mus\u00e9e de Batz sur Mer qui a valid\u00e9 et supervis\u00e9 la conception du costume.<img loading=\"lazy\" decoding=\"async\" class=\"alignnone wp-image-2643 size-full\" style=\"font-size: 16px; font-weight: 400;\" src=\"http:\/\/labaule.gwalarn.org\/wp-content\/uploads\/2017\/04\/Costumes_1830_03.jpg\" alt=\"\" width=\"800\" height=\"600\" srcset=\"https:\/\/cercleceltiquelabaule.bzh\/wp-content\/uploads\/2017\/04\/Costumes_1830_03.jpg 800w, https:\/\/cercleceltiquelabaule.bzh\/wp-content\/uploads\/2017\/04\/Costumes_1830_03-300x225.jpg 300w, https:\/\/cercleceltiquelabaule.bzh\/wp-content\/uploads\/2017\/04\/Costumes_1830_03-768x576.jpg 768w\" sizes=\"auto, (max-width: 800px) 100vw, 800px\" \/><\/h5>\n<div id=\"sites-canvas-main\" class=\"sites-canvas-main\">\n<div id=\"sites-canvas-main-content\">\n<div class=\"sites-layout-name-one-column-hf sites-layout-vbox\">\n<div class=\"sites-layout-tile sites-tile-name-header\">\n<div dir=\"ltr\">\n<h3>Le pays \u00ab\u00a0m\u00e9tayer\u00a0\u00bb &nbsp;concerne la r\u00e9gion avoisinant Gu\u00e9rande \u00e0 partir du versant nord du coteau jusqu&rsquo;aux approches de Mesquer<\/h3>\n<h3>Ce costume semble \u00eatre le costume le plus sp\u00e9cifique d&rsquo;Escoublac . Apr\u00e8s les ann\u00e9es noires de la disparition du village sous les sables et sa reconstruction \u00e0 l&rsquo;endroit actuel, l&rsquo;Escoublacais est riche et cela se voit par la richesse de ses habits.<\/h3>\n<p><img loading=\"lazy\" decoding=\"async\" class=\"alignnone wp-image-2645 size-full\" src=\"http:\/\/labaule.gwalarn.org\/wp-content\/uploads\/2017\/04\/costume_1826_motage-1.jpg\" alt=\"\" width=\"800\" height=\"480\" srcset=\"https:\/\/cercleceltiquelabaule.bzh\/wp-content\/uploads\/2017\/04\/costume_1826_motage-1.jpg 800w, https:\/\/cercleceltiquelabaule.bzh\/wp-content\/uploads\/2017\/04\/costume_1826_motage-1-300x180.jpg 300w, https:\/\/cercleceltiquelabaule.bzh\/wp-content\/uploads\/2017\/04\/costume_1826_motage-1-768x461.jpg 768w\" sizes=\"auto, (max-width: 800px) 100vw, 800px\" \/><\/p>\n<ul>\n<li>\n<h2 style=\"text-align: center;\"><b><img loading=\"lazy\" decoding=\"async\" class=\"alignnone size-full wp-image-2967\" src=\"http:\/\/labaule.gwalarn.org\/wp-content\/uploads\/2017\/03\/Boutons-36.gif\" alt=\"\" width=\"80\" height=\"60\">Costume Femme :<\/b><\/h2>\n<h5 style=\"text-align: left;\"><b><\/b><strong>Les fem<\/strong><strong>mes portent une robe en drap de laine, un bustier rouge et des emmanchures carr\u00e9es bleues avec 3 plis sur les manches. Des plis en \u00ab\u00a0tuyaux d&rsquo;orgue\u00a0\u00bb \u00e0 la taille peuvent se d\u00e9faire pendant la grossesse. Le tablier est ray\u00e9 avec un grand devantier en droguet de lin nou\u00e9 sur le cot\u00e9. Sur les \u00e9paules un mouchoir de cou dit de \u00ab\u00a0cholet\u00a0\u00bb. des manchettes en lin \u00e0 deux boutons-tissus compl\u00e8tent le costume. Les femmes portent des bas en laine \u00e9crue et des ballerines noires \u00e0 petits talons. Enfin, le fond de la coiffe est en limon pliss\u00e9e \u00e0 l&rsquo;ongle, fine dentelle dans le bas, faiblement amidonn\u00e9e, fix\u00e9e sur un bourrelet qui maintient les cheveux<\/strong><strong>&nbsp; &nbsp;<img loading=\"lazy\" decoding=\"async\" class=\"alignnone wp-image-2647 size-full\" src=\"http:\/\/labaule.gwalarn.org\/wp-content\/uploads\/2017\/04\/costume-1826_femmes.jpg\" alt=\"\" width=\"800\" height=\"212\" srcset=\"https:\/\/cercleceltiquelabaule.bzh\/wp-content\/uploads\/2017\/04\/costume-1826_femmes.jpg 800w, https:\/\/cercleceltiquelabaule.bzh\/wp-content\/uploads\/2017\/04\/costume-1826_femmes-300x80.jpg 300w, https:\/\/cercleceltiquelabaule.bzh\/wp-content\/uploads\/2017\/04\/costume-1826_femmes-768x204.jpg 768w\" sizes=\"auto, (max-width: 800px) 100vw, 800px\" \/><\/strong><\/h5>\n<h6 style=\"text-align: left;\"><strong>&nbsp; &nbsp;<\/strong>&nbsp; &nbsp; &nbsp; &nbsp; &nbsp; &nbsp; &nbsp; &nbsp; &nbsp; &nbsp; &nbsp; &nbsp; &nbsp; &nbsp;<\/h6>\n<\/li>\n<\/ul>\n<\/div>\n<\/div>\n<div class=\"sites-layout-tile sites-tile-name-content-1\">\n<div dir=\"ltr\">\n<ul>\n<li>\n<h2 style=\"text-align: center;\"><strong><b><img loading=\"lazy\" decoding=\"async\" class=\"alignnone size-full wp-image-2967\" src=\"http:\/\/labaule.gwalarn.org\/wp-content\/uploads\/2017\/03\/Boutons-36.gif\" alt=\"\" width=\"80\" height=\"60\">Costume Homme :<\/b>&nbsp;<\/strong><strong>&nbsp;<\/strong><\/h2>\n<\/li>\n<\/ul>\n<h5><strong>&nbsp;Les hommes portent un bragou en droguet de laine, \u00e0 plis, ray\u00e9 et lac\u00e9 en dessous des genoux. En haut une veste \u00e0 godets en lainage marron sans bouton, un mouchoir de cou dit de Cholet nou\u00e9 sur le devant en passant le&nbsp; col de chemise, un gilet crois\u00e9 bleu sans col et une chemise en lin, col mode bourgeoise. Les hommes portent des bas de laine \u00e9crues, des chaussures marrons et des gu\u00eatres blanches. Le chapeau est marron avec un ruban garni d&rsquo;une breloque. \u00ab\u00a0La position du ruban donnait la situation matrimoniale de l&rsquo;homme. A gauche: c\u00e9libataire, \u00e0 droite : fianc\u00e9, derri\u00e8re : mari\u00e9.\u00a0\u00bb.<\/strong><\/h5>\n<p>&nbsp; &nbsp; &nbsp; <img loading=\"lazy\" decoding=\"async\" class=\"alignnone wp-image-2649 size-full\" src=\"http:\/\/labaule.gwalarn.org\/wp-content\/uploads\/2017\/04\/costume1826_hommes.jpg\" alt=\"\" width=\"500\" height=\"188\" srcset=\"https:\/\/cercleceltiquelabaule.bzh\/wp-content\/uploads\/2017\/04\/costume1826_hommes.jpg 500w, https:\/\/cercleceltiquelabaule.bzh\/wp-content\/uploads\/2017\/04\/costume1826_hommes-300x113.jpg 300w\" sizes=\"auto, (max-width: 500px) 100vw, 500px\" \/>&nbsp; &nbsp; &nbsp;&nbsp;<\/p>\n<p>&nbsp; &nbsp; &nbsp; &nbsp; &nbsp; &nbsp; &nbsp; &nbsp; &nbsp; &nbsp; &nbsp; &nbsp; &nbsp; &nbsp; &nbsp; &nbsp; &nbsp; &nbsp; &nbsp; &nbsp; &nbsp; &nbsp; &nbsp;<\/p>\n<\/div>\n<\/div>\n<\/div>\n<\/div>\n<\/div>\n","protected":false},"excerpt":{"rendered":"<p>&nbsp;Le costume a \u00e9t\u00e9 \u00e9tudi\u00e9 , \u00e0 partir d&rsquo;une&nbsp;peinture de Jean-Baptiste Peytavin de 1828 &nbsp;et des travaux de Fran\u00e7ois-Hippolyte Lalaisse. C&rsquo;est le mus\u00e9e de Batz sur Mer qui a valid\u00e9 et supervis\u00e9 la conception du costume. Le pays \u00ab\u00a0m\u00e9tayer\u00a0\u00bb &nbsp;concerne la r\u00e9gion avoisinant Gu\u00e9rande \u00e0 partir du versant nord du coteau jusqu&rsquo;aux approches de Mesquer &hellip; <a href=\"https:\/\/cercleceltiquelabaule.bzh\/?page_id=325\" class=\"more-link\">Continuer la lecture de <span class=\"screen-reader-text\">LE COSTUME DEBUT XIX SIECLE<\/span>  <span class=\"meta-nav\">&rarr;<\/span><\/a><\/p>\n","protected":false},"author":1,"featured_media":0,"parent":237,"menu_order":2,"comment_status":"closed","ping_status":"closed","template":"","meta":{"ngg_post_thumbnail":0,"footnotes":""},"class_list":["post-325","page","type-page","status-publish","hentry"],"_links":{"self":[{"href":"https:\/\/cercleceltiquelabaule.bzh\/index.php?rest_route=\/wp\/v2\/pages\/325","targetHints":{"allow":["GET"]}}],"collection":[{"href":"https:\/\/cercleceltiquelabaule.bzh\/index.php?rest_route=\/wp\/v2\/pages"}],"about":[{"href":"https:\/\/cercleceltiquelabaule.bzh\/index.php?rest_route=\/wp\/v2\/types\/page"}],"author":[{"embeddable":true,"href":"https:\/\/cercleceltiquelabaule.bzh\/index.php?rest_route=\/wp\/v2\/users\/1"}],"replies":[{"embeddable":true,"href":"https:\/\/cercleceltiquelabaule.bzh\/index.php?rest_route=%2Fwp%2Fv2%2Fcomments&post=325"}],"version-history":[{"count":8,"href":"https:\/\/cercleceltiquelabaule.bzh\/index.php?rest_route=\/wp\/v2\/pages\/325\/revisions"}],"predecessor-version":[{"id":3089,"href":"https:\/\/cercleceltiquelabaule.bzh\/index.php?rest_route=\/wp\/v2\/pages\/325\/revisions\/3089"}],"up":[{"embeddable":true,"href":"https:\/\/cercleceltiquelabaule.bzh\/index.php?rest_route=\/wp\/v2\/pages\/237"}],"wp:attachment":[{"href":"https:\/\/cercleceltiquelabaule.bzh\/index.php?rest_route=%2Fwp%2Fv2%2Fmedia&parent=325"}],"curies":[{"name":"wp","href":"https:\/\/api.w.org\/{rel}","templated":true}]}}