{"id":480,"date":"2017-04-22T06:43:55","date_gmt":"2017-04-22T04:43:55","guid":{"rendered":"http:\/\/labaulewp.gwalarn.org\/?page_id=480"},"modified":"2017-05-30T07:19:03","modified_gmt":"2017-05-30T05:19:03","slug":"la-langue-bretonne-2","status":"publish","type":"page","link":"https:\/\/cercleceltiquelabaule.bzh\/?page_id=480","title":{"rendered":"LA LANGUE BRETONNE"},"content":{"rendered":"<div id=\"par1107\" class=\"paragraphe PRS_MISENAVANT_FR\">\n<div class=\"innerParagraphe\">\n<h2 style=\"text-align: center;\">LA LANGUE<\/h2>\n<p>Le <strong>breton<\/strong> est une <strong>langue indo-europ\u00e9enne<\/strong> parl\u00e9e depuis plus de 1500 ans. C\u2019est une langue celtique sp\u00e9cifique \u00e0 la Bretagne dont les premiers \u00e9crits remontent au VIII\u00e8me si\u00e8cle. Elle est proche du cornique et du gallois parl\u00e9s en Grande-Bretagne. Aujourd\u2019hui, environ 200.000 personnes parlent le breton au quotidien.<\/p>\n<h2 style=\"text-align: center;\">SON STATUT<\/h2>\n<p>L\u2019absence de statut l\u00e9gal et l\u2019exclusion quasi totale de la langue de la vie publique et de l\u2019\u00e9cole jusqu&rsquo;\u00e0 tr\u00e8s r\u00e9cemment ont conduit \u00e0 un arr\u00eat de la transmission familiale du breton \u00e0 partir des ann\u00e9es 50. C\u2019est pourquoi l\u2019UNESCO classe le breton parmi les <strong>langues en danger s\u00e9rieux d\u2019extinction<\/strong>.<\/p>\n<h2 style=\"text-align: center;\">UNE NOUVELLE DYNAMIQUE<\/h2>\n<p>Depuis les ann\u00e9es 80 pourtant la langue bretonne connait <strong>une dynamique nouvelle<\/strong>. Son enseignement se d\u00e9veloppe fortement gr\u00e2ce \u00e0 un r\u00e9seau d&rsquo;\u00e9coles bilingues de plus en plus denses. Le nombre d&rsquo;adultes qui se r\u00e9approprient la langue augmente chaque ann\u00e9e et son usage dans la vie publique ne cesse de se d\u00e9velopper.<\/p>\n<\/div>\n<\/div>\n<div class=\"commentairesPage paragraphe\">&nbsp;<\/div>\n<div class=\"partage\">\n<div class=\"tpl_addthis\">\n<h3 class=\"label\" style=\"text-align: center;\">LE CERCLE PERMET L&rsquo;APPRENTISSAGE ET LE PERFECTIONNEMENT DE LA LANGUE BRETONNE<\/h3>\n<\/div>\n<\/div>\n","protected":false},"excerpt":{"rendered":"<p>LA LANGUE Le breton est une langue indo-europ\u00e9enne parl\u00e9e depuis plus de 1500 ans. C\u2019est une langue celtique sp\u00e9cifique \u00e0 la Bretagne dont les premiers \u00e9crits remontent au VIII\u00e8me si\u00e8cle. Elle est proche du cornique et du gallois parl\u00e9s en Grande-Bretagne. Aujourd\u2019hui, environ 200.000 personnes parlent le breton au quotidien. SON STATUT L\u2019absence de statut &hellip; <a href=\"https:\/\/cercleceltiquelabaule.bzh\/?page_id=480\" class=\"more-link\">Continuer la lecture de <span class=\"screen-reader-text\">LA LANGUE BRETONNE<\/span>  <span class=\"meta-nav\">&rarr;<\/span><\/a><\/p>\n","protected":false},"author":1,"featured_media":0,"parent":0,"menu_order":0,"comment_status":"closed","ping_status":"closed","template":"","meta":{"ngg_post_thumbnail":0,"footnotes":""},"class_list":["post-480","page","type-page","status-publish","hentry"],"_links":{"self":[{"href":"https:\/\/cercleceltiquelabaule.bzh\/index.php?rest_route=\/wp\/v2\/pages\/480","targetHints":{"allow":["GET"]}}],"collection":[{"href":"https:\/\/cercleceltiquelabaule.bzh\/index.php?rest_route=\/wp\/v2\/pages"}],"about":[{"href":"https:\/\/cercleceltiquelabaule.bzh\/index.php?rest_route=\/wp\/v2\/types\/page"}],"author":[{"embeddable":true,"href":"https:\/\/cercleceltiquelabaule.bzh\/index.php?rest_route=\/wp\/v2\/users\/1"}],"replies":[{"embeddable":true,"href":"https:\/\/cercleceltiquelabaule.bzh\/index.php?rest_route=%2Fwp%2Fv2%2Fcomments&post=480"}],"version-history":[{"count":3,"href":"https:\/\/cercleceltiquelabaule.bzh\/index.php?rest_route=\/wp\/v2\/pages\/480\/revisions"}],"predecessor-version":[{"id":2185,"href":"https:\/\/cercleceltiquelabaule.bzh\/index.php?rest_route=\/wp\/v2\/pages\/480\/revisions\/2185"}],"wp:attachment":[{"href":"https:\/\/cercleceltiquelabaule.bzh\/index.php?rest_route=%2Fwp%2Fv2%2Fmedia&parent=480"}],"curies":[{"name":"wp","href":"https:\/\/api.w.org\/{rel}","templated":true}]}}